{"id":464,"date":"2022-09-29T14:48:54","date_gmt":"2022-09-29T17:48:54","guid":{"rendered":"https:\/\/www.eccosalva.com.br\/eccomoney\/?page_id=464"},"modified":"2022-09-29T14:51:39","modified_gmt":"2022-09-29T17:51:39","slug":"regulamento","status":"publish","type":"page","link":"https:\/\/www.eccosalva.com.br\/eccomoney\/regulamento\/","title":{"rendered":"Regulamento"},"content":{"rendered":"<p>[et_pb_section fb_built=&#8221;1&#8243; _builder_version=&#8221;4.18.0&#8243; _module_preset=&#8221;default&#8221; background_color=&#8221;#0a4092&#8243; background_enable_image=&#8221;off&#8221; background_enable_mask_style=&#8221;on&#8221; background_mask_style=&#8221;floating-squares&#8221; background_mask_color=&#8221;rgba(0,0,0,0.2)&#8221; background_mask_transform=&#8221;invert|rotate_90_degree&#8221; min_height=&#8221;20vw&#8221; locked=&#8221;off&#8221; global_colors_info=&#8221;{}&#8221; theme_builder_area=&#8221;post_content&#8221;][et_pb_row _builder_version=&#8221;4.18.0&#8243; _module_preset=&#8221;default&#8221; custom_margin=&#8221;7%||||false|false&#8221; global_colors_info=&#8221;{}&#8221; theme_builder_area=&#8221;post_content&#8221;][et_pb_column type=&#8221;4_4&#8243; _builder_version=&#8221;4.18.0&#8243; _module_preset=&#8221;default&#8221; global_colors_info=&#8221;{}&#8221; theme_builder_area=&#8221;post_content&#8221;][et_pb_text _builder_version=&#8221;4.18.0&#8243; _module_preset=&#8221;default&#8221; text_font=&#8221;Lato|700|||||||&#8221; text_text_color=&#8221;#FFFFFF&#8221; text_font_size=&#8221;40px&#8221; text_orientation=&#8221;center&#8221; animation_style=&#8221;slide&#8221; animation_direction=&#8221;bottom&#8221; animation_duration=&#8221;950ms&#8221; animation_intensity_slide=&#8221;10%&#8221; global_colors_info=&#8221;{}&#8221; theme_builder_area=&#8221;post_content&#8221;]<\/p>\n<p>Regulamento<\/p>\n<p>[\/et_pb_text][\/et_pb_column][\/et_pb_row][\/et_pb_section][et_pb_section fb_built=&#8221;1&#8243; theme_builder_area=&#8221;post_content&#8221; _builder_version=&#8221;4.18.0&#8243; _module_preset=&#8221;default&#8221; custom_padding=&#8221;80px||80px||false|false&#8221; hover_enabled=&#8221;0&#8243; sticky_enabled=&#8221;0&#8243;][et_pb_row _builder_version=&#8221;4.18.0&#8243; _module_preset=&#8221;default&#8221; theme_builder_area=&#8221;post_content&#8221;][et_pb_column _builder_version=&#8221;4.18.0&#8243; _module_preset=&#8221;default&#8221; type=&#8221;4_4&#8243; theme_builder_area=&#8221;post_content&#8221;][et_pb_text _builder_version=&#8221;4.18.0&#8243; _module_preset=&#8221;default&#8221; theme_builder_area=&#8221;post_content&#8221; hover_enabled=&#8221;0&#8243; sticky_enabled=&#8221;0&#8243; text_font=&#8221;Lato|700|||||||&#8221; text_font_size=&#8221;18px&#8221; text_line_height=&#8221;1.8em&#8221;]<\/p>\n<p>Campanha interna Eccomoney<br \/>As campanhas internas de incentivo \u00e0s vendas a partir de agora ter\u00e3o como premia\u00e7\u00e3o o ac\u00famulo de ECCOMONEY &#8211; moeda virtual da Ecco Salva &#8211; que consiste na convers\u00e3o do n\u00famero de vidas vendidas por cada<br \/>vendedor das equipes de Televendas e Vendas externas em uma moeda virtual que permite a compra de produtos atrav\u00e9s da Loja online de produtos da Ecco Salva.<\/p>\n<p>As campanhas promocionais n\u00e3o possuem dura\u00e7\u00e3o estipulada e s\u00e3o gerenciadas atrav\u00e9s da plataforma 100% online, que permite aos usu\u00e1rios participantes (Vendedores) realizarem acessos para confer\u00eancia de saldo, visualiza\u00e7\u00e3o de ofertas, confer\u00eancia dos valores de cada \u00edtem e efetuarem pedidos de compra de produtos com base na quantidade de ECCOMONEYS dispon\u00edveis em seus saldos (contas virtuais).<\/p>\n<p>2 \u2013 A MOEDA VIRTUAL<br \/>A cada vida vendida, o vendedor recebe 01 (um) ECCOMONEY, para juntar e trocar por pr\u00eamios.<br \/>O recebimento do ECCOMONEY acontece por adi\u00e7\u00e3o de cr\u00e9ditos na conta corrente online da Loja online de produtos da Ecco Salva, com base no resultado de vendas do m\u00eas imediatamente anterior, sendo acumulado por<br \/>tempo indeterminado caso o vendedor n\u00e3o resgate nenhum produto.<\/p>\n<p>3 \u2013 PARTICIPANTES<br \/>Esta campanha promocional \u00e9 dirigida exclusivamente ao departamento comercial da Ecco Salva e contempla a participa\u00e7\u00e3o das equipes de vendas dos setores de Televendas e Vendas Externas e renova\u00e7\u00f5es.<\/p>\n<p>4 \u2013 HOTSITE ECCOMONEY &#8211; LOJA ONLINE DE PRODUTOS DA ECCO SALVA<br \/>O Hotsite Eccomoney (Loja online de produtos da Ecco Salva) \u00e9 uma plataforma 100% online que disponibiliza as seguintes funcionalidades ao usu\u00e1rio:<\/p>\n<p>4.1 \u2013 Acesso individualizado ao usu\u00e1rio atrav\u00e9s de Login e senha para sua \u00e1rea restrita onde consegue consultar<br \/>seu saldo de EccoMoneys<br \/>4.2 \u2013 Acompanhamento de promo\u00e7\u00f5es<br \/>4.3 \u2013 Visualiza\u00e7\u00e3o de produtos e pre\u00e7os<br \/>4.4 \u2013 Controle de saldo e pedidos<br \/>4.5 \u2013 Solicita\u00e7\u00e3o de pedido de produtos<br \/>Endere\u00e7o para acesso ao hotsite www.campanhaeccomoney.com.br<\/p>\n<p>5 \u2013 PRODUTOS E DISPONIBILIDADE<br \/>A loja online \u00e9 composta por PRODUTOS diversos, contendo \u00edtens personalizados com a marca Ecco Salva, al\u00e9m de produtos como: materiais esportivos, utens\u00edlios dom\u00e9sticos, eletr\u00f4nicos, eletrodom\u00e9sticos, entre outros.<\/p>\n<p>A Ecco Salva \u00e9 a \u00fanica respons\u00e1vel pela escolha, disponibilidade e compra dos produtos a serem ofertados, e tem total liberdade para determinar a quantidade de produtos dispon\u00edveis, valores e condi\u00e7\u00f5es de entrega. Por<br \/>isso, durante as campanhas, os produtos poder\u00e3o sofrer varia\u00e7\u00e3o de modelos e quantidades al\u00e9m da possibilidade de inclus\u00e3o de edi\u00e7\u00f5es limitadas com \u00edtens exclusivos.<\/p>\n<p>6 \u2013 ATUALIZA\u00c7\u00c3O DE SALDO<br \/>A atualiza\u00e7\u00e3o do saldo dos vendedores participantes da campanha promocional ser\u00e1 realizado apenas 01 (uma) vez ao m\u00eas, com no m\u00e1ximo 2 dias ap\u00f3s o fechamento mensal das vendas e poder\u00e1 ser monitorado pelo usu\u00e1rio a qualquer momento.<br \/>Ser\u00e1 feita com base na informa\u00e7\u00e3o de fechamento (volume de vidas l\u00edquidas vendidas por cada vendedor) apurado pelo Adm vendas, e encaminhado para a \u00e1rea de marketing que far\u00e1 o lan\u00e7amento no sistema da Loja online de produtos Ecco Salva.<br \/>Somente a \u00e1rea de marketing da empresa ter\u00e1 acesso ao lan\u00e7amento de cr\u00e9ditos na conta dos vendedores, seguindo o processo de lan\u00e7ar somente o oriundo da apura\u00e7\u00e3o de volume de vendas l\u00edquidas de cada vendedor<br \/>feito pelo Adm vendas de cada unidade.<\/p>\n<p>7 \u2013 PEDIDO\/COMPRA<br \/>O pedido do produto poder\u00e1 ser realizado pelo usu\u00e1rio a qualquer momento, desde que tenha a quantidade m\u00ednima necess\u00e1ria de Eccomoney para realizar a compra do produto, devendo utilizar exclusivamente o HOTSITE www.campanhaeccomoney.com.br para fazer a solicita\u00e7\u00e3o.<br \/>Uma vez solicitado o produto (realiza\u00e7\u00e3o de pedido por parte do vendedor) ser\u00e1 feita a apura\u00e7\u00e3o de saldo, aprova\u00e7\u00e3o da \u201ccompra&#8221; e despacho do pedido conforme processo normal de um e-commerce, sendo tudo<br \/>acompanhado pela \u00e1rea de marketing da empresa.<\/p>\n<p>8 &#8211; VALIDA\u00c7\u00c3O DA COMPRA<br \/>O pedido est\u00e1 sujeito a auditoria para aprova\u00e7\u00e3o, havendo a disponibilidade do produto escolhido e saldo suficiente para a compra, o compra ser\u00e1 finalizada.<\/p>\n<p>9 \u2013 PRAZO DE ENTREGA<br \/>Os produtos, ter\u00e3o um prazo de entrega de at\u00e9 15 dias \u00fateis ap\u00f3s a valida\u00e7\u00e3o de compra do pedido.<\/p>\n<p>10 \u2013 LOCAL DE ENTREGA<br \/>Os produtos ser\u00e3o entregues EXCLUSIVAMENTE no local de trabalho do participante (unidade \/ setor), em HIP\u00c9TESE ALGUMA ser\u00e1 enviado para outro destino.<br \/>Fica a cargo do participante se comprometer com a retirada do produto na empresa.<\/p>\n<p>11 \u2013 PROMO\u00c7\u00c3O DE VENDAS<br \/>Durante as campanhas promocionais, os participantes poder\u00e3o ser notificados atrav\u00e9s de mensagens sobre produtos em condi\u00e7\u00f5es especiais e ofertas por tempo limitado, a divulga\u00e7\u00e3o se dar\u00e1 exclusivamente atrav\u00e9s da<br \/>plataforma que deve ser acompanhada com frequ\u00eancia pelo usu\u00e1rio.<\/p>\n<p>12 &#8211; SUPORTE AO USU\u00c1RIO<br \/>As d\u00favidas com rela\u00e7\u00e3o \u00e0 utiliza\u00e7\u00e3o da Loja online de produtos da Ecco Salva, pedidos, ou funcionamento das campanhas podem ser encaminhadas para marketing@eccosalva-rs.com.br, ou direcionadas a supervis\u00e3o e<br \/>gest\u00e3o de vendas.<\/p>\n<p>[\/et_pb_text][\/et_pb_column][\/et_pb_row][\/et_pb_section]<\/p>\n","protected":false},"excerpt":{"rendered":"<p>RegulamentoCampanha interna EccomoneyAs campanhas internas de incentivo \u00e0s vendas a partir de agora ter\u00e3o como premia\u00e7\u00e3o o ac\u00famulo de ECCOMONEY &#8211; moeda virtual da Ecco Salva &#8211; que consiste na convers\u00e3o do n\u00famero de vidas vendidas por cadavendedor das equipes de Televendas e Vendas externas em uma moeda virtual que permite a compra de produtos [&hellip;]<\/p>\n","protected":false},"author":1,"featured_media":0,"parent":0,"menu_order":0,"comment_status":"closed","ping_status":"closed","template":"","meta":{"_et_pb_use_builder":"on","_et_pb_old_content":"","_et_gb_content_width":"","footnotes":""},"class_list":["post-464","page","type-page","status-publish","hentry"],"yoast_head":"<!-- This site is optimized with the Yoast SEO plugin v27.4 - https:\/\/yoast.com\/product\/yoast-seo-wordpress\/ -->\n<title>Regulamento - Ecco Salva - Eccomoney<\/title>\n<meta name=\"robots\" content=\"index, follow, max-snippet:-1, max-image-preview:large, max-video-preview:-1\" \/>\n<link rel=\"canonical\" href=\"https:\/\/www.eccosalva.com.br\/eccomoney\/regulamento\/\" \/>\n<meta property=\"og:locale\" content=\"pt_BR\" \/>\n<meta property=\"og:type\" content=\"article\" \/>\n<meta property=\"og:title\" content=\"Regulamento - Ecco Salva - Eccomoney\" \/>\n<meta property=\"og:description\" content=\"RegulamentoCampanha interna EccomoneyAs campanhas internas de incentivo \u00e0s vendas a partir de agora ter\u00e3o como premia\u00e7\u00e3o o ac\u00famulo de ECCOMONEY - moeda virtual da Ecco Salva - que consiste na convers\u00e3o do n\u00famero de vidas vendidas por cadavendedor das equipes de Televendas e Vendas externas em uma moeda virtual que permite a compra de produtos [&hellip;]\" \/>\n<meta property=\"og:url\" content=\"https:\/\/www.eccosalva.com.br\/eccomoney\/regulamento\/\" \/>\n<meta property=\"og:site_name\" content=\"Ecco Salva - Eccomoney\" \/>\n<meta property=\"article:modified_time\" content=\"2022-09-29T17:51:39+00:00\" \/>\n<meta name=\"twitter:card\" content=\"summary_large_image\" \/>\n<script type=\"application\/ld+json\" class=\"yoast-schema-graph\">{\"@context\":\"https:\\\/\\\/schema.org\",\"@graph\":[{\"@type\":\"WebPage\",\"@id\":\"https:\\\/\\\/www.eccosalva.com.br\\\/eccomoney\\\/regulamento\\\/\",\"url\":\"https:\\\/\\\/www.eccosalva.com.br\\\/eccomoney\\\/regulamento\\\/\",\"name\":\"Regulamento - Ecco Salva - Eccomoney\",\"isPartOf\":{\"@id\":\"https:\\\/\\\/www.eccosalva.com.br\\\/eccomoney\\\/#website\"},\"datePublished\":\"2022-09-29T17:48:54+00:00\",\"dateModified\":\"2022-09-29T17:51:39+00:00\",\"breadcrumb\":{\"@id\":\"https:\\\/\\\/www.eccosalva.com.br\\\/eccomoney\\\/regulamento\\\/#breadcrumb\"},\"inLanguage\":\"pt-BR\",\"potentialAction\":[{\"@type\":\"ReadAction\",\"target\":[\"https:\\\/\\\/www.eccosalva.com.br\\\/eccomoney\\\/regulamento\\\/\"]}]},{\"@type\":\"BreadcrumbList\",\"@id\":\"https:\\\/\\\/www.eccosalva.com.br\\\/eccomoney\\\/regulamento\\\/#breadcrumb\",\"itemListElement\":[{\"@type\":\"ListItem\",\"position\":1,\"name\":\"In\u00edcio\",\"item\":\"https:\\\/\\\/www.eccosalva.com.br\\\/eccomoney\\\/\"},{\"@type\":\"ListItem\",\"position\":2,\"name\":\"Regulamento\"}]},{\"@type\":\"WebSite\",\"@id\":\"https:\\\/\\\/www.eccosalva.com.br\\\/eccomoney\\\/#website\",\"url\":\"https:\\\/\\\/www.eccosalva.com.br\\\/eccomoney\\\/\",\"name\":\"Ecco Salva - Eccomoney\",\"description\":\"\",\"publisher\":{\"@id\":\"https:\\\/\\\/www.eccosalva.com.br\\\/eccomoney\\\/#organization\"},\"potentialAction\":[{\"@type\":\"SearchAction\",\"target\":{\"@type\":\"EntryPoint\",\"urlTemplate\":\"https:\\\/\\\/www.eccosalva.com.br\\\/eccomoney\\\/?s={search_term_string}\"},\"query-input\":{\"@type\":\"PropertyValueSpecification\",\"valueRequired\":true,\"valueName\":\"search_term_string\"}}],\"inLanguage\":\"pt-BR\"},{\"@type\":\"Organization\",\"@id\":\"https:\\\/\\\/www.eccosalva.com.br\\\/eccomoney\\\/#organization\",\"name\":\"Ecco Salva - Eccomoney\",\"url\":\"https:\\\/\\\/www.eccosalva.com.br\\\/eccomoney\\\/\",\"logo\":{\"@type\":\"ImageObject\",\"inLanguage\":\"pt-BR\",\"@id\":\"https:\\\/\\\/www.eccosalva.com.br\\\/eccomoney\\\/#\\\/schema\\\/logo\\\/image\\\/\",\"url\":\"https:\\\/\\\/www.eccosalva.com.br\\\/eccomoney\\\/wp-content\\\/uploads\\\/2022\\\/09\\\/logo.jpg\",\"contentUrl\":\"https:\\\/\\\/www.eccosalva.com.br\\\/eccomoney\\\/wp-content\\\/uploads\\\/2022\\\/09\\\/logo.jpg\",\"width\":282,\"height\":45,\"caption\":\"Ecco Salva - Eccomoney\"},\"image\":{\"@id\":\"https:\\\/\\\/www.eccosalva.com.br\\\/eccomoney\\\/#\\\/schema\\\/logo\\\/image\\\/\"}}]}<\/script>\n<!-- \/ Yoast SEO plugin. -->","yoast_head_json":{"title":"Regulamento - Ecco Salva - Eccomoney","robots":{"index":"index","follow":"follow","max-snippet":"max-snippet:-1","max-image-preview":"max-image-preview:large","max-video-preview":"max-video-preview:-1"},"canonical":"https:\/\/www.eccosalva.com.br\/eccomoney\/regulamento\/","og_locale":"pt_BR","og_type":"article","og_title":"Regulamento - Ecco Salva - Eccomoney","og_description":"RegulamentoCampanha interna EccomoneyAs campanhas internas de incentivo \u00e0s vendas a partir de agora ter\u00e3o como premia\u00e7\u00e3o o ac\u00famulo de ECCOMONEY - moeda virtual da Ecco Salva - que consiste na convers\u00e3o do n\u00famero de vidas vendidas por cadavendedor das equipes de Televendas e Vendas externas em uma moeda virtual que permite a compra de produtos [&hellip;]","og_url":"https:\/\/www.eccosalva.com.br\/eccomoney\/regulamento\/","og_site_name":"Ecco Salva - Eccomoney","article_modified_time":"2022-09-29T17:51:39+00:00","twitter_card":"summary_large_image","schema":{"@context":"https:\/\/schema.org","@graph":[{"@type":"WebPage","@id":"https:\/\/www.eccosalva.com.br\/eccomoney\/regulamento\/","url":"https:\/\/www.eccosalva.com.br\/eccomoney\/regulamento\/","name":"Regulamento - Ecco Salva - Eccomoney","isPartOf":{"@id":"https:\/\/www.eccosalva.com.br\/eccomoney\/#website"},"datePublished":"2022-09-29T17:48:54+00:00","dateModified":"2022-09-29T17:51:39+00:00","breadcrumb":{"@id":"https:\/\/www.eccosalva.com.br\/eccomoney\/regulamento\/#breadcrumb"},"inLanguage":"pt-BR","potentialAction":[{"@type":"ReadAction","target":["https:\/\/www.eccosalva.com.br\/eccomoney\/regulamento\/"]}]},{"@type":"BreadcrumbList","@id":"https:\/\/www.eccosalva.com.br\/eccomoney\/regulamento\/#breadcrumb","itemListElement":[{"@type":"ListItem","position":1,"name":"In\u00edcio","item":"https:\/\/www.eccosalva.com.br\/eccomoney\/"},{"@type":"ListItem","position":2,"name":"Regulamento"}]},{"@type":"WebSite","@id":"https:\/\/www.eccosalva.com.br\/eccomoney\/#website","url":"https:\/\/www.eccosalva.com.br\/eccomoney\/","name":"Ecco Salva - Eccomoney","description":"","publisher":{"@id":"https:\/\/www.eccosalva.com.br\/eccomoney\/#organization"},"potentialAction":[{"@type":"SearchAction","target":{"@type":"EntryPoint","urlTemplate":"https:\/\/www.eccosalva.com.br\/eccomoney\/?s={search_term_string}"},"query-input":{"@type":"PropertyValueSpecification","valueRequired":true,"valueName":"search_term_string"}}],"inLanguage":"pt-BR"},{"@type":"Organization","@id":"https:\/\/www.eccosalva.com.br\/eccomoney\/#organization","name":"Ecco Salva - Eccomoney","url":"https:\/\/www.eccosalva.com.br\/eccomoney\/","logo":{"@type":"ImageObject","inLanguage":"pt-BR","@id":"https:\/\/www.eccosalva.com.br\/eccomoney\/#\/schema\/logo\/image\/","url":"https:\/\/www.eccosalva.com.br\/eccomoney\/wp-content\/uploads\/2022\/09\/logo.jpg","contentUrl":"https:\/\/www.eccosalva.com.br\/eccomoney\/wp-content\/uploads\/2022\/09\/logo.jpg","width":282,"height":45,"caption":"Ecco Salva - Eccomoney"},"image":{"@id":"https:\/\/www.eccosalva.com.br\/eccomoney\/#\/schema\/logo\/image\/"}}]}},"_links":{"self":[{"href":"https:\/\/www.eccosalva.com.br\/eccomoney\/wp-json\/wp\/v2\/pages\/464","targetHints":{"allow":["GET"]}}],"collection":[{"href":"https:\/\/www.eccosalva.com.br\/eccomoney\/wp-json\/wp\/v2\/pages"}],"about":[{"href":"https:\/\/www.eccosalva.com.br\/eccomoney\/wp-json\/wp\/v2\/types\/page"}],"author":[{"embeddable":true,"href":"https:\/\/www.eccosalva.com.br\/eccomoney\/wp-json\/wp\/v2\/users\/1"}],"replies":[{"embeddable":true,"href":"https:\/\/www.eccosalva.com.br\/eccomoney\/wp-json\/wp\/v2\/comments?post=464"}],"version-history":[{"count":0,"href":"https:\/\/www.eccosalva.com.br\/eccomoney\/wp-json\/wp\/v2\/pages\/464\/revisions"}],"wp:attachment":[{"href":"https:\/\/www.eccosalva.com.br\/eccomoney\/wp-json\/wp\/v2\/media?parent=464"}],"curies":[{"name":"wp","href":"https:\/\/api.w.org\/{rel}","templated":true}]}}