{"id":3023,"date":"2026-03-04T15:37:20","date_gmt":"2026-03-04T18:37:20","guid":{"rendered":"https:\/\/www.eccosalva.com.br\/eccomoney\/?post_type=product&#038;p=3023"},"modified":"2026-03-04T15:40:29","modified_gmt":"2026-03-04T18:40:29","slug":"body-splash-feminino-roses-200ml-barbours-beauty","status":"publish","type":"product","link":"https:\/\/www.eccosalva.com.br\/eccomoney\/produto\/body-splash-feminino-roses-200ml-barbours-beauty\/","title":{"rendered":"Body splash feminino roses 200ml Barbour&#8217;s Beauty"},"content":{"rendered":"<div class=\"et_pb_module et_pb_wc_description et_pb_wc_description_0_tb_body et_pb_bg_layout_light et_pb_text_align_left\">\n<div class=\"et_pb_module_inner\">\n<div class=\"ui-pdp-container__row ui-pdp-container__row--highlighted-features-title\">\n<p class=\"ui-vpp-text-alignment--left ui-pdp-color--BLACK ui-pdp-size--XSMALL ui-pdp-family--SEMIBOLD highlighted-features-title\"><strong>O que voc\u00ea precisa saber sobre este produto<\/strong><\/p>\n<\/div>\n<div class=\"ui-pdp-container__row ui-pdp-container__row--highlighted-features\">\n<div class=\"ui-vpp-highlighted-specs__features\">\n<ul class=\"ui-vpp-highlighted-specs__features-list\">\n<li class=\"ui-vpp-highlighted-specs__features-list-item ui-pdp-color--BLACK ui-pdp-size--XSMALL ui-pdp-family--REGULAR\">\n<pre>Volume da unidade: 200 mL.<\/pre>\n<\/li>\n<li class=\"ui-vpp-highlighted-specs__features-list-item ui-pdp-color--BLACK ui-pdp-size--XSMALL ui-pdp-family--REGULAR\">\n<pre>Fragr\u00e2ncia feminina com notas de flor de laranjeira, jasmim e p\u00eassego.<\/pre>\n<\/li>\n<li class=\"ui-vpp-highlighted-specs__features-list-item ui-pdp-color--BLACK ui-pdp-size--XSMALL ui-pdp-family--REGULAR\">\n<pre>Notas de topo com frescor de laranja sangu\u00ednea e mandarina.<\/pre>\n<\/li>\n<li class=\"ui-vpp-highlighted-specs__features-list-item ui-pdp-color--BLACK ui-pdp-size--XSMALL ui-pdp-family--REGULAR\">\n<pre>Dura\u00e7\u00e3o aproximada de 6 horas na pele.<\/pre>\n<\/li>\n<li class=\"ui-vpp-highlighted-specs__features-list-item ui-pdp-color--BLACK ui-pdp-size--XSMALL ui-pdp-family--REGULAR\">\n<pre>F\u00f3rmula leve que proporciona aplica\u00e7\u00e3o suave e refrescante.<\/pre>\n<\/li>\n<li class=\"ui-vpp-highlighted-specs__features-list-item ui-pdp-color--BLACK ui-pdp-size--XSMALL ui-pdp-family--REGULAR\">\n<pre>Livre de crueldade e vegano.<\/pre>\n<\/li>\n<li class=\"ui-vpp-highlighted-specs__features-list-item ui-pdp-color--BLACK ui-pdp-size--XSMALL ui-pdp-family--REGULAR\">\n<pre>Not\u00e1vel combina\u00e7\u00e3o de notas doces de mel e caramelo.<\/pre>\n<\/li>\n<\/ul>\n<\/div>\n<\/div>\n<\/div>\n<\/div>\n<div class=\"et_pb_module et_pb_wc_add_to_cart et_pb_wc_add_to_cart_0_tb_body et_pb_fields_label_position_default et_pb_bg_layout_ et_pb_text_align_left\">\n<div class=\"et_pb_module_inner\">\n<div class=\"et_pb_module et_pb_wc_description et_pb_wc_description_0_tb_body et_pb_bg_layout_light et_pb_text_align_left\">\n<div class=\"et_pb_module_inner\">\n<p>&nbsp;<\/p>\n<p>&nbsp;<\/p>\n<\/div>\n<\/div>\n<div class=\"et_pb_module et_pb_wc_add_to_cart et_pb_wc_add_to_cart_0_tb_body et_pb_fields_label_position_default et_pb_bg_layout_ et_pb_text_align_left\">\n<div class=\"et_pb_module_inner\"><\/div>\n<\/div>\n<\/div>\n<\/div>\n","protected":false},"excerpt":{"rendered":"<div class=\"et_pb_module et_pb_wc_description et_pb_wc_description_0_tb_body et_pb_bg_layout_light et_pb_text_align_left\">\n<div class=\"et_pb_module_inner\">\n<p><strong><br \/>\nImagem meramente ilustrativa.<\/strong><\/p>\n<\/div>\n<\/div>\n<div class=\"et_pb_module et_pb_wc_add_to_cart et_pb_wc_add_to_cart_0_tb_body et_pb_fields_label_position_default et_pb_bg_layout_ et_pb_text_align_left\">\n<div class=\"et_pb_module_inner\"><\/div>\n<\/div>\n","protected":false},"featured_media":3024,"template":"","meta":{"_et_pb_use_builder":"","_et_pb_old_content":"","_et_gb_content_width":""},"product_brand":[],"product_cat":[30],"product_tag":[],"class_list":{"0":"post-3023","1":"product","2":"type-product","3":"status-publish","4":"has-post-thumbnail","6":"product_cat-beleza","8":"first","9":"onbackorder","10":"shipping-taxable","11":"purchasable","12":"product-type-simple"},"yoast_head":"<!-- This site is optimized with the Yoast SEO plugin v27.4 - https:\/\/yoast.com\/product\/yoast-seo-wordpress\/ -->\n<title>Body splash feminino roses 200ml Barbour&#039;s Beauty - Ecco Salva - Eccomoney<\/title>\n<meta name=\"robots\" content=\"index, follow, max-snippet:-1, max-image-preview:large, max-video-preview:-1\" \/>\n<link rel=\"canonical\" href=\"https:\/\/www.eccosalva.com.br\/eccomoney\/produto\/body-splash-feminino-roses-200ml-barbours-beauty\/\" \/>\n<meta property=\"og:locale\" content=\"pt_BR\" \/>\n<meta property=\"og:type\" content=\"article\" \/>\n<meta property=\"og:title\" content=\"Body splash feminino roses 200ml Barbour&#039;s Beauty - Ecco Salva - Eccomoney\" \/>\n<meta property=\"og:description\" content=\"Imagem meramente ilustrativa.\" \/>\n<meta property=\"og:url\" content=\"https:\/\/www.eccosalva.com.br\/eccomoney\/produto\/body-splash-feminino-roses-200ml-barbours-beauty\/\" \/>\n<meta property=\"og:site_name\" content=\"Ecco Salva - Eccomoney\" \/>\n<meta property=\"article:modified_time\" content=\"2026-03-04T18:40:29+00:00\" \/>\n<meta property=\"og:image\" content=\"https:\/\/www.eccosalva.com.br\/eccomoney\/wp-content\/uploads\/2026\/03\/D_Q_NP_850720-MLA88114849875_072025-F.webp\" \/>\n\t<meta property=\"og:image:width\" content=\"1200\" \/>\n\t<meta property=\"og:image:height\" content=\"1200\" \/>\n\t<meta property=\"og:image:type\" content=\"image\/webp\" \/>\n<meta name=\"twitter:card\" content=\"summary_large_image\" \/>\n<meta name=\"twitter:label1\" content=\"Est. tempo de leitura\" \/>\n\t<meta name=\"twitter:data1\" content=\"1 minuto\" \/>\n<script type=\"application\/ld+json\" class=\"yoast-schema-graph\">{\"@context\":\"https:\\\/\\\/schema.org\",\"@graph\":[{\"@type\":\"WebPage\",\"@id\":\"https:\\\/\\\/www.eccosalva.com.br\\\/eccomoney\\\/produto\\\/body-splash-feminino-roses-200ml-barbours-beauty\\\/\",\"url\":\"https:\\\/\\\/www.eccosalva.com.br\\\/eccomoney\\\/produto\\\/body-splash-feminino-roses-200ml-barbours-beauty\\\/\",\"name\":\"Body splash feminino roses 200ml Barbour's Beauty - Ecco Salva - Eccomoney\",\"isPartOf\":{\"@id\":\"https:\\\/\\\/www.eccosalva.com.br\\\/eccomoney\\\/#website\"},\"primaryImageOfPage\":{\"@id\":\"https:\\\/\\\/www.eccosalva.com.br\\\/eccomoney\\\/produto\\\/body-splash-feminino-roses-200ml-barbours-beauty\\\/#primaryimage\"},\"image\":{\"@id\":\"https:\\\/\\\/www.eccosalva.com.br\\\/eccomoney\\\/produto\\\/body-splash-feminino-roses-200ml-barbours-beauty\\\/#primaryimage\"},\"thumbnailUrl\":\"https:\\\/\\\/www.eccosalva.com.br\\\/eccomoney\\\/wp-content\\\/uploads\\\/2026\\\/03\\\/D_Q_NP_850720-MLA88114849875_072025-F.webp\",\"datePublished\":\"2026-03-04T18:37:20+00:00\",\"dateModified\":\"2026-03-04T18:40:29+00:00\",\"breadcrumb\":{\"@id\":\"https:\\\/\\\/www.eccosalva.com.br\\\/eccomoney\\\/produto\\\/body-splash-feminino-roses-200ml-barbours-beauty\\\/#breadcrumb\"},\"inLanguage\":\"pt-BR\",\"potentialAction\":[{\"@type\":\"ReadAction\",\"target\":[\"https:\\\/\\\/www.eccosalva.com.br\\\/eccomoney\\\/produto\\\/body-splash-feminino-roses-200ml-barbours-beauty\\\/\"]}]},{\"@type\":\"ImageObject\",\"inLanguage\":\"pt-BR\",\"@id\":\"https:\\\/\\\/www.eccosalva.com.br\\\/eccomoney\\\/produto\\\/body-splash-feminino-roses-200ml-barbours-beauty\\\/#primaryimage\",\"url\":\"https:\\\/\\\/www.eccosalva.com.br\\\/eccomoney\\\/wp-content\\\/uploads\\\/2026\\\/03\\\/D_Q_NP_850720-MLA88114849875_072025-F.webp\",\"contentUrl\":\"https:\\\/\\\/www.eccosalva.com.br\\\/eccomoney\\\/wp-content\\\/uploads\\\/2026\\\/03\\\/D_Q_NP_850720-MLA88114849875_072025-F.webp\",\"width\":1200,\"height\":1200},{\"@type\":\"BreadcrumbList\",\"@id\":\"https:\\\/\\\/www.eccosalva.com.br\\\/eccomoney\\\/produto\\\/body-splash-feminino-roses-200ml-barbours-beauty\\\/#breadcrumb\",\"itemListElement\":[{\"@type\":\"ListItem\",\"position\":1,\"name\":\"In\u00edcio\",\"item\":\"https:\\\/\\\/www.eccosalva.com.br\\\/eccomoney\\\/\"},{\"@type\":\"ListItem\",\"position\":2,\"name\":\"Loja\",\"item\":\"https:\\\/\\\/www.eccosalva.com.br\\\/eccomoney\\\/loja\\\/\"},{\"@type\":\"ListItem\",\"position\":3,\"name\":\"Body splash feminino roses 200ml Barbour&#8217;s Beauty\"}]},{\"@type\":\"WebSite\",\"@id\":\"https:\\\/\\\/www.eccosalva.com.br\\\/eccomoney\\\/#website\",\"url\":\"https:\\\/\\\/www.eccosalva.com.br\\\/eccomoney\\\/\",\"name\":\"Ecco Salva - Eccomoney\",\"description\":\"\",\"publisher\":{\"@id\":\"https:\\\/\\\/www.eccosalva.com.br\\\/eccomoney\\\/#organization\"},\"potentialAction\":[{\"@type\":\"SearchAction\",\"target\":{\"@type\":\"EntryPoint\",\"urlTemplate\":\"https:\\\/\\\/www.eccosalva.com.br\\\/eccomoney\\\/?s={search_term_string}\"},\"query-input\":{\"@type\":\"PropertyValueSpecification\",\"valueRequired\":true,\"valueName\":\"search_term_string\"}}],\"inLanguage\":\"pt-BR\"},{\"@type\":\"Organization\",\"@id\":\"https:\\\/\\\/www.eccosalva.com.br\\\/eccomoney\\\/#organization\",\"name\":\"Ecco Salva - Eccomoney\",\"url\":\"https:\\\/\\\/www.eccosalva.com.br\\\/eccomoney\\\/\",\"logo\":{\"@type\":\"ImageObject\",\"inLanguage\":\"pt-BR\",\"@id\":\"https:\\\/\\\/www.eccosalva.com.br\\\/eccomoney\\\/#\\\/schema\\\/logo\\\/image\\\/\",\"url\":\"https:\\\/\\\/www.eccosalva.com.br\\\/eccomoney\\\/wp-content\\\/uploads\\\/2022\\\/09\\\/logo.jpg\",\"contentUrl\":\"https:\\\/\\\/www.eccosalva.com.br\\\/eccomoney\\\/wp-content\\\/uploads\\\/2022\\\/09\\\/logo.jpg\",\"width\":282,\"height\":45,\"caption\":\"Ecco Salva - Eccomoney\"},\"image\":{\"@id\":\"https:\\\/\\\/www.eccosalva.com.br\\\/eccomoney\\\/#\\\/schema\\\/logo\\\/image\\\/\"}}]}<\/script>\n<!-- \/ Yoast SEO plugin. -->","yoast_head_json":{"title":"Body splash feminino roses 200ml Barbour's Beauty - Ecco Salva - Eccomoney","robots":{"index":"index","follow":"follow","max-snippet":"max-snippet:-1","max-image-preview":"max-image-preview:large","max-video-preview":"max-video-preview:-1"},"canonical":"https:\/\/www.eccosalva.com.br\/eccomoney\/produto\/body-splash-feminino-roses-200ml-barbours-beauty\/","og_locale":"pt_BR","og_type":"article","og_title":"Body splash feminino roses 200ml Barbour's Beauty - Ecco Salva - Eccomoney","og_description":"Imagem meramente ilustrativa.","og_url":"https:\/\/www.eccosalva.com.br\/eccomoney\/produto\/body-splash-feminino-roses-200ml-barbours-beauty\/","og_site_name":"Ecco Salva - Eccomoney","article_modified_time":"2026-03-04T18:40:29+00:00","og_image":[{"width":1200,"height":1200,"url":"https:\/\/www.eccosalva.com.br\/eccomoney\/wp-content\/uploads\/2026\/03\/D_Q_NP_850720-MLA88114849875_072025-F.webp","type":"image\/webp"}],"twitter_card":"summary_large_image","twitter_misc":{"Est. tempo de leitura":"1 minuto"},"schema":{"@context":"https:\/\/schema.org","@graph":[{"@type":"WebPage","@id":"https:\/\/www.eccosalva.com.br\/eccomoney\/produto\/body-splash-feminino-roses-200ml-barbours-beauty\/","url":"https:\/\/www.eccosalva.com.br\/eccomoney\/produto\/body-splash-feminino-roses-200ml-barbours-beauty\/","name":"Body splash feminino roses 200ml Barbour's Beauty - Ecco Salva - Eccomoney","isPartOf":{"@id":"https:\/\/www.eccosalva.com.br\/eccomoney\/#website"},"primaryImageOfPage":{"@id":"https:\/\/www.eccosalva.com.br\/eccomoney\/produto\/body-splash-feminino-roses-200ml-barbours-beauty\/#primaryimage"},"image":{"@id":"https:\/\/www.eccosalva.com.br\/eccomoney\/produto\/body-splash-feminino-roses-200ml-barbours-beauty\/#primaryimage"},"thumbnailUrl":"https:\/\/www.eccosalva.com.br\/eccomoney\/wp-content\/uploads\/2026\/03\/D_Q_NP_850720-MLA88114849875_072025-F.webp","datePublished":"2026-03-04T18:37:20+00:00","dateModified":"2026-03-04T18:40:29+00:00","breadcrumb":{"@id":"https:\/\/www.eccosalva.com.br\/eccomoney\/produto\/body-splash-feminino-roses-200ml-barbours-beauty\/#breadcrumb"},"inLanguage":"pt-BR","potentialAction":[{"@type":"ReadAction","target":["https:\/\/www.eccosalva.com.br\/eccomoney\/produto\/body-splash-feminino-roses-200ml-barbours-beauty\/"]}]},{"@type":"ImageObject","inLanguage":"pt-BR","@id":"https:\/\/www.eccosalva.com.br\/eccomoney\/produto\/body-splash-feminino-roses-200ml-barbours-beauty\/#primaryimage","url":"https:\/\/www.eccosalva.com.br\/eccomoney\/wp-content\/uploads\/2026\/03\/D_Q_NP_850720-MLA88114849875_072025-F.webp","contentUrl":"https:\/\/www.eccosalva.com.br\/eccomoney\/wp-content\/uploads\/2026\/03\/D_Q_NP_850720-MLA88114849875_072025-F.webp","width":1200,"height":1200},{"@type":"BreadcrumbList","@id":"https:\/\/www.eccosalva.com.br\/eccomoney\/produto\/body-splash-feminino-roses-200ml-barbours-beauty\/#breadcrumb","itemListElement":[{"@type":"ListItem","position":1,"name":"In\u00edcio","item":"https:\/\/www.eccosalva.com.br\/eccomoney\/"},{"@type":"ListItem","position":2,"name":"Loja","item":"https:\/\/www.eccosalva.com.br\/eccomoney\/loja\/"},{"@type":"ListItem","position":3,"name":"Body splash feminino roses 200ml Barbour&#8217;s Beauty"}]},{"@type":"WebSite","@id":"https:\/\/www.eccosalva.com.br\/eccomoney\/#website","url":"https:\/\/www.eccosalva.com.br\/eccomoney\/","name":"Ecco Salva - Eccomoney","description":"","publisher":{"@id":"https:\/\/www.eccosalva.com.br\/eccomoney\/#organization"},"potentialAction":[{"@type":"SearchAction","target":{"@type":"EntryPoint","urlTemplate":"https:\/\/www.eccosalva.com.br\/eccomoney\/?s={search_term_string}"},"query-input":{"@type":"PropertyValueSpecification","valueRequired":true,"valueName":"search_term_string"}}],"inLanguage":"pt-BR"},{"@type":"Organization","@id":"https:\/\/www.eccosalva.com.br\/eccomoney\/#organization","name":"Ecco Salva - Eccomoney","url":"https:\/\/www.eccosalva.com.br\/eccomoney\/","logo":{"@type":"ImageObject","inLanguage":"pt-BR","@id":"https:\/\/www.eccosalva.com.br\/eccomoney\/#\/schema\/logo\/image\/","url":"https:\/\/www.eccosalva.com.br\/eccomoney\/wp-content\/uploads\/2022\/09\/logo.jpg","contentUrl":"https:\/\/www.eccosalva.com.br\/eccomoney\/wp-content\/uploads\/2022\/09\/logo.jpg","width":282,"height":45,"caption":"Ecco Salva - Eccomoney"},"image":{"@id":"https:\/\/www.eccosalva.com.br\/eccomoney\/#\/schema\/logo\/image\/"}}]}},"_links":{"self":[{"href":"https:\/\/www.eccosalva.com.br\/eccomoney\/wp-json\/wp\/v2\/product\/3023","targetHints":{"allow":["GET"]}}],"collection":[{"href":"https:\/\/www.eccosalva.com.br\/eccomoney\/wp-json\/wp\/v2\/product"}],"about":[{"href":"https:\/\/www.eccosalva.com.br\/eccomoney\/wp-json\/wp\/v2\/types\/product"}],"wp:featuredmedia":[{"embeddable":true,"href":"https:\/\/www.eccosalva.com.br\/eccomoney\/wp-json\/wp\/v2\/media\/3024"}],"wp:attachment":[{"href":"https:\/\/www.eccosalva.com.br\/eccomoney\/wp-json\/wp\/v2\/media?parent=3023"}],"wp:term":[{"taxonomy":"product_brand","embeddable":true,"href":"https:\/\/www.eccosalva.com.br\/eccomoney\/wp-json\/wp\/v2\/product_brand?post=3023"},{"taxonomy":"product_cat","embeddable":true,"href":"https:\/\/www.eccosalva.com.br\/eccomoney\/wp-json\/wp\/v2\/product_cat?post=3023"},{"taxonomy":"product_tag","embeddable":true,"href":"https:\/\/www.eccosalva.com.br\/eccomoney\/wp-json\/wp\/v2\/product_tag?post=3023"}],"curies":[{"name":"wp","href":"https:\/\/api.w.org\/{rel}","templated":true}]}}