{"id":219,"date":"2020-03-28T20:16:15","date_gmt":"2020-03-28T23:16:15","guid":{"rendered":"http:\/\/www.eccosalva.com.br\/saudeemcasa\/?page_id=219"},"modified":"2020-03-28T21:11:43","modified_gmt":"2020-03-29T00:11:43","slug":"ecco-salva","status":"publish","type":"page","link":"https:\/\/www.eccosalva.com.br\/saudeemcasa\/ecco-salva\/","title":{"rendered":"Ecco Salva"},"content":{"rendered":"<p>[et_pb_section fb_built=&#8221;1&#8243; custom_padding_last_edited=&#8221;on|tablet&#8221; admin_label=&#8221;Header&#8221; _builder_version=&#8221;4.4.1&#8243; background_color_gradient_direction=&#8221;120deg&#8221; background_image=&#8221;https:\/\/www.eccosalva.com.br\/saudeemcasa\/wp-content\/uploads\/2020\/03\/hero-home-saude-em-casa.png&#8221; min_height_tablet=&#8221;&#8221; min_height_phone=&#8221;260px&#8221; min_height_last_edited=&#8221;on|phone&#8221; custom_padding=&#8221;15vh|0px|15vh|0px|true|false&#8221; custom_padding_tablet=&#8221;5vh|0px|5vh|0px|true|true&#8221; custom_padding_phone=&#8221;60px||60px||true&#8221;][et_pb_row column_structure=&#8221;1_2,1_2&#8243; custom_padding_last_edited=&#8221;on|phone&#8221; disabled_on=&#8221;on|off|off&#8221; _builder_version=&#8221;4.4.1&#8243; custom_padding=&#8221;||0px||false|false&#8221; custom_padding_tablet=&#8221;&#8221; custom_padding_phone=&#8221;&#8221;][et_pb_column type=&#8221;1_2&#8243; _builder_version=&#8221;3.25&#8243; custom_padding=&#8221;|||&#8221; custom_padding__hover=&#8221;|||&#8221;][et_pb_text _builder_version=&#8221;4.4.1&#8243; text_font=&#8221;||||||||&#8221; text_text_color=&#8221;#f36f32&#8243; text_font_size=&#8221;36px&#8221; text_line_height=&#8221;40px&#8221; header_font=&#8221;Alex Brush|700|||||||&#8221; header_text_color=&#8221;#0a4092&#8243; header_font_size=&#8221;110px&#8221; header_line_height=&#8221;80px&#8221; max_width_tablet=&#8221;&#8221; max_width_phone=&#8221;&#8221; max_width_last_edited=&#8221;on|desktop&#8221; hover_enabled=&#8221;0&#8243; text_font_size_tablet=&#8221;26px&#8221; text_font_size_phone=&#8221;20px&#8221; text_font_size_last_edited=&#8221;on|phone&#8221; text_line_height_tablet=&#8221;30px&#8221; text_line_height_phone=&#8221;24px&#8221; text_line_height_last_edited=&#8221;on|tablet&#8221; header_font_size_tablet=&#8221;80px&#8221; header_font_size_phone=&#8221;48px&#8221; header_font_size_last_edited=&#8221;on|phone&#8221; header_line_height_tablet=&#8221;65px&#8221; header_line_height_phone=&#8221;44px&#8221; header_line_height_last_edited=&#8221;on|tablet&#8221; text_font_size__hover=&#8221;14px&#8221; text_font_size__hover_enabled=&#8221;14px&#8221;]<\/p>\n<h1>Ecco<br \/>\n<span style=\"margin-left:60px;\">Salva<\/span><br \/>\n<\/h1>\n<p>[\/et_pb_text][\/et_pb_column][et_pb_column type=&#8221;1_2&#8243; _builder_version=&#8221;3.25&#8243; custom_padding=&#8221;|||&#8221; custom_padding__hover=&#8221;|||&#8221;][\/et_pb_column][\/et_pb_row][\/et_pb_section][et_pb_section fb_built=&#8221;1&#8243; disabled_on=&#8221;off|on|on&#8221; _builder_version=&#8221;4.4.1&#8243; custom_padding=&#8221;||15px|||&#8221; locked=&#8221;off&#8221;][et_pb_row admin_label=&#8221;H1 &#8211; mobile&#8221; _builder_version=&#8221;4.4.1&#8243; custom_padding=&#8221;0px||0px||true|false&#8221;][et_pb_column type=&#8221;4_4&#8243; _builder_version=&#8221;4.4.1&#8243;][et_pb_text _builder_version=&#8221;4.4.1&#8243; text_font=&#8221;||||||||&#8221; text_text_color=&#8221;#f36f32&#8243; text_font_size=&#8221;36px&#8221; text_line_height=&#8221;40px&#8221; header_font=&#8221;Alex Brush|700|||||||&#8221; header_text_color=&#8221;#0a4092&#8243; header_font_size=&#8221;110px&#8221; header_line_height=&#8221;80px&#8221; max_width_tablet=&#8221;&#8221; max_width_phone=&#8221;&#8221; max_width_last_edited=&#8221;on|desktop&#8221; hover_enabled=&#8221;0&#8243; text_font_size_tablet=&#8221;26px&#8221; text_font_size_phone=&#8221;20px&#8221; text_font_size_last_edited=&#8221;on|phone&#8221; text_line_height_tablet=&#8221;30px&#8221; text_line_height_phone=&#8221;24px&#8221; text_line_height_last_edited=&#8221;on|tablet&#8221; header_font_size_tablet=&#8221;80px&#8221; header_font_size_phone=&#8221;48px&#8221; header_font_size_last_edited=&#8221;on|phone&#8221; header_line_height_tablet=&#8221;65px&#8221; header_line_height_phone=&#8221;34px&#8221; header_line_height_last_edited=&#8221;on|tablet&#8221; text_font_size__hover=&#8221;14px&#8221; text_font_size__hover_enabled=&#8221;14px&#8221;]<\/p>\n<h1>Ecco<br \/>\n<span style=\"margin-left:60px;\">Salva<\/span><br \/>\n<\/h1>\n<p>[\/et_pb_text][\/et_pb_column][\/et_pb_row][\/et_pb_section][et_pb_section fb_built=&#8221;1&#8243; _builder_version=&#8221;4.4.1&#8243;][et_pb_row _builder_version=&#8221;4.4.1&#8243; max_width=&#8221;620px&#8221; module_alignment=&#8221;center&#8221;][et_pb_column type=&#8221;4_4&#8243; _builder_version=&#8221;4.4.1&#8243;][et_pb_text _builder_version=&#8221;4.4.1&#8243; text_font=&#8221;||||||||&#8221; text_font_size=&#8221;16px&#8221; text_line_height=&#8221;1.8em&#8221; header_font=&#8221;||||||||&#8221; header_2_font=&#8221;|300|||||||&#8221; header_2_text_color=&#8221;#0a4092&#8243; header_2_font_size=&#8221;40px&#8221; header_2_line_height=&#8221;1.2em&#8221; header_3_font=&#8221;Work Sans|600|||||||&#8221; header_3_line_height=&#8221;1.2em&#8221; hover_enabled=&#8221;0&#8243; text_font_size_tablet=&#8221;16px&#8221; text_font_size_phone=&#8221;14px&#8221; text_font_size_last_edited=&#8221;on|phone&#8221; header_2_font_size_tablet=&#8221;30px&#8221; header_2_font_size_phone=&#8221;22px&#8221; header_2_font_size_last_edited=&#8221;on|phone&#8221; header_3_font_size_tablet=&#8221;20px&#8221; header_3_font_size_phone=&#8221;18px&#8221; header_3_font_size_last_edited=&#8221;on|desktop&#8221;]<\/p>\n<h2>HIST\u00d3RICO<\/h2>\n<p><span>Chegando ao Brasil em 1992, com sua primeira unidade operacional instalada na cidade de Curitiba, a\u00a0<\/span><span class=\"il\">Ecco<\/span><span>\u00a0<\/span><span class=\"il\">Salva<\/span><span>\u00a0\u00e9 primeira empresa de atendimento m\u00e9dico pr\u00e9-hospitalar (APH) do Brasil e uma das pioneiras da Am\u00e9rica Latina.<\/span><\/p>\n<p><span>A qualidade na presta\u00e7\u00e3o do servi\u00e7o nos levou a ampliar nossas atividades para as cidades paranaenses de S\u00e3o Jos\u00e9 dos Pinhais, em 1996, e Arauc\u00e1ria, em 1998. Esta expans\u00e3o t\u00e3o precoce surgiu da percep\u00e7\u00e3o positiva em rela\u00e7\u00e3o \u00e0 import\u00e2ncia do servi\u00e7o prestado pela\u00a0<\/span><span class=\"il\">Ecco<\/span><span>\u00a0<\/span><span class=\"il\">Salva<\/span><span>, e da satisfa\u00e7\u00e3o de nossos clientes de Curitiba, que nos impulsionaram a expandir a nossa \u00e1rea de atua\u00e7\u00e3o para atender os munic\u00edpios vizinhos.<\/span><\/p>\n<p><span>Ainda em 1996, foi a vez de Porto Alegre receber uma unidade da\u00a0<\/span><span class=\"il\">Ecco<\/span><span>\u00a0<\/span><span class=\"il\">Salva<\/span><span>.<\/span><\/p>\n<p><span>Desde ent\u00e3o, a empresa cresce nestes relevantes mercados e consolida-se como uma das principais empresas de APH, tornando-se refer\u00eancia nacional nesta vertente de servi\u00e7o de\u00a0<\/span><span class=\"il\">sa\u00fade<\/span><span>.<\/span><\/p>\n<p><span>Nos \u00faltimos anos evolu\u00edmos nos processos e procedimentos que caracterizam a excel\u00eancia do servi\u00e7o prestado, incrementando nossa infraestrutura e nos especializando ainda mais em APH.<\/span><\/p>\n<p><span>Investimos em tecnologia, capacita\u00e7\u00e3o de nossos profissionais e consolida\u00e7\u00e3o de nossos indicadores de qualidade.<\/span><\/p>\n<p><span>Em 2019, ano em que completamos 27 anos de atua\u00e7\u00e3o, a\u00a0<\/span><span class=\"il\">Ecco<\/span><span>\u00a0<\/span><span class=\"il\">Salva<\/span><span>\u00a0come\u00e7a a prestar seus servi\u00e7os na cidade do Rio de Janeiro. Esperamos evoluir em nossa proposta de ampliar n\u00e3o somente as fronteiras de nossa atua\u00e7\u00e3o, mas de levar o APH para um maior n\u00famero de pessoas, consolidando de forma definitiva nossa ess\u00eancia de SALVAR VIDAS!<\/span><\/p>\n<p>[\/et_pb_text][et_pb_button button_text=&#8221;Saiba mais&#8221; _builder_version=&#8221;4.4.1&#8243; button_url=&#8221;https:\/\/www.eccosalva.com.br\/&#8221; url_new_window=&#8221;on&#8221; hover_enabled=&#8221;0&#8243; custom_margin=&#8221;40px||||false|false&#8221;][\/et_pb_button][\/et_pb_column][\/et_pb_row][\/et_pb_section]<\/p>\n","protected":false},"excerpt":{"rendered":"<p>Ecco Salva Ecco Salva HIST\u00d3RICO Chegando ao Brasil em 1992, com sua primeira unidade operacional instalada na cidade de Curitiba, a\u00a0Ecco\u00a0Salva\u00a0\u00e9 primeira empresa de atendimento m\u00e9dico pr\u00e9-hospitalar (APH) do Brasil e uma das pioneiras da Am\u00e9rica Latina. A qualidade na presta\u00e7\u00e3o do servi\u00e7o nos levou a ampliar nossas atividades para as cidades paranaenses de S\u00e3o [&hellip;]<\/p>\n","protected":false},"author":1,"featured_media":0,"parent":0,"menu_order":0,"comment_status":"closed","ping_status":"closed","template":"","meta":{"_et_pb_use_builder":"on","_et_pb_old_content":"","_et_gb_content_width":"","footnotes":""},"class_list":["post-219","page","type-page","status-publish","hentry"],"yoast_head":"<!-- This site is optimized with the Yoast SEO plugin v27.3 - https:\/\/yoast.com\/product\/yoast-seo-wordpress\/ -->\n<title>Ecco Salva - Sa\u00fade em Casa<\/title>\n<meta name=\"robots\" content=\"index, follow, max-snippet:-1, max-image-preview:large, max-video-preview:-1\" \/>\n<link rel=\"canonical\" href=\"https:\/\/www.eccosalva.com.br\/saudeemcasa\/ecco-salva\/\" \/>\n<meta property=\"og:locale\" content=\"pt_BR\" \/>\n<meta property=\"og:type\" content=\"article\" \/>\n<meta property=\"og:title\" content=\"Ecco Salva - Sa\u00fade em Casa\" \/>\n<meta property=\"og:description\" content=\"Ecco Salva Ecco Salva HIST\u00d3RICO Chegando ao Brasil em 1992, com sua primeira unidade operacional instalada na cidade de Curitiba, a\u00a0Ecco\u00a0Salva\u00a0\u00e9 primeira empresa de atendimento m\u00e9dico pr\u00e9-hospitalar (APH) do Brasil e uma das pioneiras da Am\u00e9rica Latina. A qualidade na presta\u00e7\u00e3o do servi\u00e7o nos levou a ampliar nossas atividades para as cidades paranaenses de S\u00e3o [&hellip;]\" \/>\n<meta property=\"og:url\" content=\"https:\/\/www.eccosalva.com.br\/saudeemcasa\/ecco-salva\/\" \/>\n<meta property=\"og:site_name\" content=\"Sa\u00fade em Casa\" \/>\n<meta property=\"article:publisher\" content=\"https:\/\/www.facebook.com\/eccosalvaoficial\/\" \/>\n<meta property=\"article:modified_time\" content=\"2020-03-29T00:11:43+00:00\" \/>\n<meta name=\"twitter:card\" content=\"summary_large_image\" \/>\n<meta name=\"twitter:label1\" content=\"Est. tempo de leitura\" \/>\n\t<meta name=\"twitter:data1\" content=\"4 minutos\" \/>\n<script type=\"application\/ld+json\" class=\"yoast-schema-graph\">{\"@context\":\"https:\\\/\\\/schema.org\",\"@graph\":[{\"@type\":\"WebPage\",\"@id\":\"https:\\\/\\\/www.eccosalva.com.br\\\/saudeemcasa\\\/ecco-salva\\\/\",\"url\":\"https:\\\/\\\/www.eccosalva.com.br\\\/saudeemcasa\\\/ecco-salva\\\/\",\"name\":\"Ecco Salva - Sa\u00fade em Casa\",\"isPartOf\":{\"@id\":\"https:\\\/\\\/www.eccosalva.com.br\\\/saudeemcasa\\\/#website\"},\"datePublished\":\"2020-03-28T23:16:15+00:00\",\"dateModified\":\"2020-03-29T00:11:43+00:00\",\"breadcrumb\":{\"@id\":\"https:\\\/\\\/www.eccosalva.com.br\\\/saudeemcasa\\\/ecco-salva\\\/#breadcrumb\"},\"inLanguage\":\"pt-BR\",\"potentialAction\":[{\"@type\":\"ReadAction\",\"target\":[\"https:\\\/\\\/www.eccosalva.com.br\\\/saudeemcasa\\\/ecco-salva\\\/\"]}]},{\"@type\":\"BreadcrumbList\",\"@id\":\"https:\\\/\\\/www.eccosalva.com.br\\\/saudeemcasa\\\/ecco-salva\\\/#breadcrumb\",\"itemListElement\":[{\"@type\":\"ListItem\",\"position\":1,\"name\":\"In\u00edcio\",\"item\":\"https:\\\/\\\/www.eccosalva.com.br\\\/saudeemcasa\\\/\"},{\"@type\":\"ListItem\",\"position\":2,\"name\":\"Ecco Salva\"}]},{\"@type\":\"WebSite\",\"@id\":\"https:\\\/\\\/www.eccosalva.com.br\\\/saudeemcasa\\\/#website\",\"url\":\"https:\\\/\\\/www.eccosalva.com.br\\\/saudeemcasa\\\/\",\"name\":\"Sa\u00fade em Casa\",\"description\":\"\",\"publisher\":{\"@id\":\"https:\\\/\\\/www.eccosalva.com.br\\\/saudeemcasa\\\/#organization\"},\"potentialAction\":[{\"@type\":\"SearchAction\",\"target\":{\"@type\":\"EntryPoint\",\"urlTemplate\":\"https:\\\/\\\/www.eccosalva.com.br\\\/saudeemcasa\\\/?s={search_term_string}\"},\"query-input\":{\"@type\":\"PropertyValueSpecification\",\"valueRequired\":true,\"valueName\":\"search_term_string\"}}],\"inLanguage\":\"pt-BR\"},{\"@type\":\"Organization\",\"@id\":\"https:\\\/\\\/www.eccosalva.com.br\\\/saudeemcasa\\\/#organization\",\"name\":\"Ecco Salva - Sa\u00fade em Casa\",\"url\":\"https:\\\/\\\/www.eccosalva.com.br\\\/saudeemcasa\\\/\",\"logo\":{\"@type\":\"ImageObject\",\"inLanguage\":\"pt-BR\",\"@id\":\"https:\\\/\\\/www.eccosalva.com.br\\\/saudeemcasa\\\/#\\\/schema\\\/logo\\\/image\\\/\",\"url\":\"https:\\\/\\\/www.eccosalva.com.br\\\/saudeemcasa\\\/wp-content\\\/uploads\\\/2020\\\/03\\\/saude-em-casa-color.png\",\"contentUrl\":\"https:\\\/\\\/www.eccosalva.com.br\\\/saudeemcasa\\\/wp-content\\\/uploads\\\/2020\\\/03\\\/saude-em-casa-color.png\",\"width\":200,\"height\":158,\"caption\":\"Ecco Salva - Sa\u00fade em Casa\"},\"image\":{\"@id\":\"https:\\\/\\\/www.eccosalva.com.br\\\/saudeemcasa\\\/#\\\/schema\\\/logo\\\/image\\\/\"},\"sameAs\":[\"https:\\\/\\\/www.facebook.com\\\/eccosalvaoficial\\\/\",\"https:\\\/\\\/www.instagram.com\\\/eccosalvaoficial\\\/\"]}]}<\/script>\n<!-- \/ Yoast SEO plugin. -->","yoast_head_json":{"title":"Ecco Salva - Sa\u00fade em Casa","robots":{"index":"index","follow":"follow","max-snippet":"max-snippet:-1","max-image-preview":"max-image-preview:large","max-video-preview":"max-video-preview:-1"},"canonical":"https:\/\/www.eccosalva.com.br\/saudeemcasa\/ecco-salva\/","og_locale":"pt_BR","og_type":"article","og_title":"Ecco Salva - Sa\u00fade em Casa","og_description":"Ecco Salva Ecco Salva HIST\u00d3RICO Chegando ao Brasil em 1992, com sua primeira unidade operacional instalada na cidade de Curitiba, a\u00a0Ecco\u00a0Salva\u00a0\u00e9 primeira empresa de atendimento m\u00e9dico pr\u00e9-hospitalar (APH) do Brasil e uma das pioneiras da Am\u00e9rica Latina. A qualidade na presta\u00e7\u00e3o do servi\u00e7o nos levou a ampliar nossas atividades para as cidades paranaenses de S\u00e3o [&hellip;]","og_url":"https:\/\/www.eccosalva.com.br\/saudeemcasa\/ecco-salva\/","og_site_name":"Sa\u00fade em Casa","article_publisher":"https:\/\/www.facebook.com\/eccosalvaoficial\/","article_modified_time":"2020-03-29T00:11:43+00:00","twitter_card":"summary_large_image","twitter_misc":{"Est. tempo de leitura":"4 minutos"},"schema":{"@context":"https:\/\/schema.org","@graph":[{"@type":"WebPage","@id":"https:\/\/www.eccosalva.com.br\/saudeemcasa\/ecco-salva\/","url":"https:\/\/www.eccosalva.com.br\/saudeemcasa\/ecco-salva\/","name":"Ecco Salva - Sa\u00fade em Casa","isPartOf":{"@id":"https:\/\/www.eccosalva.com.br\/saudeemcasa\/#website"},"datePublished":"2020-03-28T23:16:15+00:00","dateModified":"2020-03-29T00:11:43+00:00","breadcrumb":{"@id":"https:\/\/www.eccosalva.com.br\/saudeemcasa\/ecco-salva\/#breadcrumb"},"inLanguage":"pt-BR","potentialAction":[{"@type":"ReadAction","target":["https:\/\/www.eccosalva.com.br\/saudeemcasa\/ecco-salva\/"]}]},{"@type":"BreadcrumbList","@id":"https:\/\/www.eccosalva.com.br\/saudeemcasa\/ecco-salva\/#breadcrumb","itemListElement":[{"@type":"ListItem","position":1,"name":"In\u00edcio","item":"https:\/\/www.eccosalva.com.br\/saudeemcasa\/"},{"@type":"ListItem","position":2,"name":"Ecco Salva"}]},{"@type":"WebSite","@id":"https:\/\/www.eccosalva.com.br\/saudeemcasa\/#website","url":"https:\/\/www.eccosalva.com.br\/saudeemcasa\/","name":"Sa\u00fade em Casa","description":"","publisher":{"@id":"https:\/\/www.eccosalva.com.br\/saudeemcasa\/#organization"},"potentialAction":[{"@type":"SearchAction","target":{"@type":"EntryPoint","urlTemplate":"https:\/\/www.eccosalva.com.br\/saudeemcasa\/?s={search_term_string}"},"query-input":{"@type":"PropertyValueSpecification","valueRequired":true,"valueName":"search_term_string"}}],"inLanguage":"pt-BR"},{"@type":"Organization","@id":"https:\/\/www.eccosalva.com.br\/saudeemcasa\/#organization","name":"Ecco Salva - Sa\u00fade em Casa","url":"https:\/\/www.eccosalva.com.br\/saudeemcasa\/","logo":{"@type":"ImageObject","inLanguage":"pt-BR","@id":"https:\/\/www.eccosalva.com.br\/saudeemcasa\/#\/schema\/logo\/image\/","url":"https:\/\/www.eccosalva.com.br\/saudeemcasa\/wp-content\/uploads\/2020\/03\/saude-em-casa-color.png","contentUrl":"https:\/\/www.eccosalva.com.br\/saudeemcasa\/wp-content\/uploads\/2020\/03\/saude-em-casa-color.png","width":200,"height":158,"caption":"Ecco Salva - Sa\u00fade em Casa"},"image":{"@id":"https:\/\/www.eccosalva.com.br\/saudeemcasa\/#\/schema\/logo\/image\/"},"sameAs":["https:\/\/www.facebook.com\/eccosalvaoficial\/","https:\/\/www.instagram.com\/eccosalvaoficial\/"]}]}},"_links":{"self":[{"href":"https:\/\/www.eccosalva.com.br\/saudeemcasa\/wp-json\/wp\/v2\/pages\/219","targetHints":{"allow":["GET"]}}],"collection":[{"href":"https:\/\/www.eccosalva.com.br\/saudeemcasa\/wp-json\/wp\/v2\/pages"}],"about":[{"href":"https:\/\/www.eccosalva.com.br\/saudeemcasa\/wp-json\/wp\/v2\/types\/page"}],"author":[{"embeddable":true,"href":"https:\/\/www.eccosalva.com.br\/saudeemcasa\/wp-json\/wp\/v2\/users\/1"}],"replies":[{"embeddable":true,"href":"https:\/\/www.eccosalva.com.br\/saudeemcasa\/wp-json\/wp\/v2\/comments?post=219"}],"version-history":[{"count":0,"href":"https:\/\/www.eccosalva.com.br\/saudeemcasa\/wp-json\/wp\/v2\/pages\/219\/revisions"}],"wp:attachment":[{"href":"https:\/\/www.eccosalva.com.br\/saudeemcasa\/wp-json\/wp\/v2\/media?parent=219"}],"curies":[{"name":"wp","href":"https:\/\/api.w.org\/{rel}","templated":true}]}}